{"id":2065,"date":"2019-09-25T09:53:09","date_gmt":"2019-09-25T09:53:09","guid":{"rendered":"https:\/\/www.londonbackpackers.com\/cookie-policy\/"},"modified":"2023-02-28T03:53:54","modified_gmt":"2023-02-28T03:53:54","slug":"cookie-policy","status":"publish","type":"page","link":"https:\/\/www.londonbackpackers.com\/it\/cookie-policy\/","title":{"rendered":"Gestione dei Cookie"},"content":{"rendered":"<div class=\"def-cmspage-content cookie-page-main\">\n<h2 class=\"hd-typ14\">Cosa sono i cookie<\/h2>\n<p>Un cookie \u00e8 un semplice file di testo che viene archiviato sul tuo computer o dispositivo mobile dal server di un sito Web e solo quel server sar\u00e0 in grado di recuperare o leggere il contenuto di quel cookie. Ogni cookie \u00e8 unico per il tuo browser web. Conterr\u00e0 alcune informazioni anonime come un identificativo univoco e il nome del sito e alcune cifre e numeri. Consente a un sito Web di ricordare cose come le tue preferenze o cosa c&#8217;\u00e8 nel carrello.<\/p>\n<h2 class=\"hd-typ14\" style=\"margin-top:20px;\"> Quali cookie vengono utilizzati su questo sito Web?<\/h2>\n<div class=\"table-typ1-div\">\n<table class=\"table-typ1\">\n<tbody>\n<tr class=\"tr-head\">\n<th><strong style=\"font-size: 14px;\">biscotto<\/strong><\/th>\n<th><strong style=\"font-size: 14px;\">Scopo<\/strong><\/th>\n<\/tr>\n<tr>\n<th data-title=\"Cookie\"><strong style=\"font-size: 16px;\">PHPSESSID<\/strong><\/th>\n<td data-title=\"Purpose\">Questo \u00e8 un cookie di sessione utilizzato per conservare i dati attraverso gli accessi successivi. \u00c8 un cookie temporaneo che rimane nel file dei cookie del browser fino alla chiusura del browser. Viene utilizzato principalmente per mantenere la tua identit\u00e0.<\/td>\n<\/tr>\n<tr>\n<th data-title=\"Cookie\"><strong style=\"font-size: 14px;\">CookiesDirective<\/strong><\/th>\n<td data-title=\"Purpose\">Utilizzati dal sito Web per avvisare che i cookie sono in uso<\/td>\n<\/tr>\n<\/tbody>\n<\/table>\n<\/div>\n<h2 class=\"hd-typ14\" style=\"margin-top:40px;\">Come abilitare e disabilitare i cookie utilizzando il browser?<\/h2>\n<p><strong style=\"font-size: 14px;\">Google Chrome<\/strong><\/p>\n<ul>\n<li>Fai clic sull&#8217;icona &#8220;chiave inglese&#8221; sul browser (di solito si trova nell&#8217;angolo in alto a destra) per aprire il menu degli strumenti<\/li>\n<li>Dal menu strumenti selezionare &#8220;Opzioni&#8221;<\/li>\n<li>Fai clic sulla scheda &#8220;Roba da smanettoni&#8221; dal menu a sinistra.<\/li>\n<li>Nella sezione &#8220;Privacy&#8221;, seleziona il pulsante &#8220;Impostazioni contenuti&#8221;<\/li>\n<li>Per abilitare i cookie: selezionare l&#8217;opzione &#8220;Consenti impostazione dati locali&#8221;<\/li>\n<li>Per disabilitare i cookie: spostare il dispositivo di scorrimento verso l&#8217;alto per bloccare tutti i cookie<\/li>\n<li>Nota: in Chrome sono disponibili vari livelli di abilitazione e disabilitazione dei cookie. Per ulteriori informazioni su altre impostazioni dei cookie offerte in Chrome, consultare la pagina seguente di Google <a href=\"http:\/\/support.google.com\/chrome\/bin\/answer.py?hl=en&amp;answer=95647\" rel=\"nofollow noopener noreferrer\" class=\"lnk-typ1\" target=\"_blank\">http:\/\/support.google.com\/chrome\/bin\/answer.py?hl=en&amp;answer=95647<\/a><\/li>\n<\/ul>\n<p><strong style=\"font-size: 14px;\">Mozilla Firefox<\/strong><\/p>\n<ul>\n<li>Fai clic su &#8220;Strumenti&#8221; nel menu del browser e seleziona &#8220;Opzioni&#8221;<\/li>\n<li>Seleziona il pannello Privacy<\/li>\n<li>Per abilitare i cookie: seleziona &#8220;Accetta i cookie per i siti&#8221;<\/li>\n<li>Per disabilitare i cookie: deseleziona &#8220;Accetta i cookie per i siti&#8221;<\/li>\n<li>Nota: ci sono vari livelli di abilitazione e disabilitazione dei cookie in Firefox. Per ulteriori informazioni, consultare la seguente pagina da Mozilla: <a href=\"http:\/\/support.mozilla.org\/en-US\/kb\/Enabling%20and%20disabling%20cookies\" rel=\"nofollow noopener noreferrer\" class=\"lnk-typ1\" target=\"_blank\">http:\/\/support.mozilla.org\/en-US\/kb\/Enabling%20and%20disabling%20cookies<\/a><\/li>\n<\/ul>\n<p><strong style=\"font-size: 14px;\">Opera<\/strong><\/p>\n<ul>\n<li>Fai clic su &#8220;Impostazioni&#8221; nel menu del browser e seleziona &#8220;Impostazioni&#8221;<\/li>\n<li>Seleziona &#8220;Preferenze rapide&#8221;<\/li>\n<li>Per abilitare i cookie: selezionare &#8220;Abilita cookie&#8221;<\/li>\n<li>Per disabilitare i cookie: deseleziona &#8220;Abilita cookie&#8221;<\/li>\n<li>Nota: ci sono vari livelli di abilitazione e disabilitazione dei cookie in Opera. Per ulteriori informazioni su altre impostazioni dei cookie offerte in Opera, fare riferimento alla seguente pagina dal software Opera: <a href=\"http:\/\/www.opera.com\/browser\/tutorials\/security\/privacy\/\" rel=\"nofollow noopener noreferrer\" class=\"lnk-typ1\" target=\"_blank\">http:\/\/www.opera.com\/browser\/tutorials\/security\/privacy\/<\/a><\/li>\n<\/ul>\n<p><strong style=\"font-size: 14px;\">Safari on OSX<\/strong><\/p>\n<ul>\n<li>Fai clic su &#8220;Safari&#8221; nella barra dei menu e seleziona l&#8217;opzione &#8220;Preferenze&#8221;<\/li>\n<li>Fai clic su &#8220;Sicurezza&#8221;<\/li>\n<li>Per abilitare i cookie: nella sezione &#8220;Accetta i cookie&#8221; seleziona &#8220;Solo dal sito che accedi a&#8221;<\/li>\n<li>Per disabilitare i cookie: nella sezione &#8220;Accetta i cookie&#8221; selezionare &#8220;Mai&#8221;<\/li>\n<li>Nota che esistono diversi livelli di abilitazione e disabilitazione dei cookie in Safari. Per ulteriori informazioni su altre impostazioni dei cookie offerte in Safari, consultare la seguente pagina di Apple: <a href=\"http:\/\/docs.info.apple.com\/article.html?path=Safari\/3.0\/en\/9277.html\" rel=\"nofollow noopener noreferrer\" class=\"lnk-typ1\" target=\"_blank\">http:\/\/docs.info.apple.com\/article.html?path=Safari\/3.0\/en\/9277.html<\/a><\/li>\n<\/ul>\n<p><strong style=\"font-size: 14px;\">Tutti gli altri browser<\/strong><\/p>\n<ul>\n<li>Cerca una funzione di &#8220;guida&#8221; nel browser o contatta il fornitore del browser. Puoi anche trovare maggiori informazioni nella pagina seguente: <a href=\"http:\/\/www.allaboutcookies.org\/manage-cookies\/\" rel=\"nofollow noopener noreferrer\" class=\"lnk-typ1\" target=\"_blank\">http:\/\/www.allaboutcookies.org\/manage-cookies\/<\/a><\/li>\n<\/ul>\n<\/div>\n","protected":false},"excerpt":{"rendered":"<p>Cosa sono i cookie Un cookie \u00e8 un semplice file di testo che viene archiviato sul tuo computer o dispositivo mobile dal server di un sito Web e solo quel server sar\u00e0 in grado di recuperare o leggere il contenuto<span class=\"ellipsis\">&hellip;<\/span><\/p>\n<div class=\"read-more\"><a href=\"https:\/\/www.londonbackpackers.com\/it\/cookie-policy\/\">Leggere pi\u00f9 di <span class=\"screen-reader-text\">Gestione dei Cookie<\/span><span class=\"meta-nav\"> &#8250;<\/span><\/a><\/div>\n<p><!-- end of .read-more --><\/p>\n","protected":false},"author":1,"featured_media":0,"parent":0,"menu_order":0,"comment_status":"closed","ping_status":"closed","template":"","meta":{"_acf_changed":false,"footnotes":""},"class_list":["post-2065","page","type-page","status-publish","hentry"],"acf":[],"yoast_head":"<!-- This site is optimized with the Yoast SEO plugin v26.4 - https:\/\/yoast.com\/wordpress\/plugins\/seo\/ -->\n<title>Cookie Policy - Informazioni sull&#039;utilizzo dei cookie sul nostro sito web<\/title>\n<meta name=\"description\" content=\"A London Backpackers, utilizziamo i cookie per migliorare l&#039;esperienza dell&#039;utente sul nostro sito web. Scopri di pi\u00f9 sulla nostra cookie policy e su come gestire le tue preferenze.\" \/>\n<meta name=\"robots\" content=\"index, follow, max-snippet:-1, max-image-preview:large, max-video-preview:-1\" \/>\n<meta property=\"og:locale\" content=\"it_IT\" \/>\n<meta property=\"og:type\" content=\"article\" \/>\n<meta property=\"og:title\" content=\"Cookie Policy - Informazioni sull&#039;utilizzo dei cookie sul nostro sito web\" \/>\n<meta property=\"og:description\" content=\"A London Backpackers, utilizziamo i cookie per migliorare l&#039;esperienza dell&#039;utente sul nostro sito web. Scopri di pi\u00f9 sulla nostra cookie policy e su come gestire le tue preferenze.\" \/>\n<meta property=\"og:url\" content=\"https:\/\/www.londonbackpackers.com\/it\/cookie-policy\/\" \/>\n<meta property=\"og:site_name\" content=\"London Backpackers\" \/>\n<meta property=\"article:modified_time\" content=\"2023-02-28T03:53:54+00:00\" \/>\n<meta name=\"twitter:card\" content=\"summary_large_image\" \/>\n<meta name=\"twitter:label1\" content=\"Tempo di lettura stimato\" \/>\n\t<meta name=\"twitter:data1\" content=\"3 minuti\" \/>\n<script type=\"application\/ld+json\" class=\"yoast-schema-graph\">{\"@context\":\"https:\/\/schema.org\",\"@graph\":[{\"@type\":\"WebPage\",\"@id\":\"https:\/\/www.londonbackpackers.com\/it\/cookie-policy\/\",\"url\":\"https:\/\/www.londonbackpackers.com\/it\/cookie-policy\/\",\"name\":\"Cookie Policy - Informazioni sull'utilizzo dei cookie sul nostro sito web\",\"isPartOf\":{\"@id\":\"https:\/\/www.londonbackpackers.com\/#website\"},\"datePublished\":\"2019-09-25T09:53:09+00:00\",\"dateModified\":\"2023-02-28T03:53:54+00:00\",\"description\":\"A London Backpackers, utilizziamo i cookie per migliorare l'esperienza dell'utente sul nostro sito web. Scopri di pi\u00f9 sulla nostra cookie policy e su come gestire le tue preferenze.\",\"breadcrumb\":{\"@id\":\"https:\/\/www.londonbackpackers.com\/it\/cookie-policy\/#breadcrumb\"},\"inLanguage\":\"it-IT\",\"potentialAction\":[{\"@type\":\"ReadAction\",\"target\":[\"https:\/\/www.londonbackpackers.com\/it\/cookie-policy\/\"]}]},{\"@type\":\"BreadcrumbList\",\"@id\":\"https:\/\/www.londonbackpackers.com\/it\/cookie-policy\/#breadcrumb\",\"itemListElement\":[{\"@type\":\"ListItem\",\"position\":1,\"name\":\"Home\",\"item\":\"https:\/\/www.londonbackpackers.com\/it\/\"},{\"@type\":\"ListItem\",\"position\":2,\"name\":\"Gestione dei Cookie\"}]},{\"@type\":\"WebSite\",\"@id\":\"https:\/\/www.londonbackpackers.com\/#website\",\"url\":\"https:\/\/www.londonbackpackers.com\/\",\"name\":\"London Backpackers\",\"description\":\"\",\"potentialAction\":[{\"@type\":\"SearchAction\",\"target\":{\"@type\":\"EntryPoint\",\"urlTemplate\":\"https:\/\/www.londonbackpackers.com\/?s={search_term_string}\"},\"query-input\":{\"@type\":\"PropertyValueSpecification\",\"valueRequired\":true,\"valueName\":\"search_term_string\"}}],\"inLanguage\":\"it-IT\"}]}<\/script>\n<!-- \/ Yoast SEO plugin. -->","yoast_head_json":{"title":"Cookie Policy - Informazioni sull'utilizzo dei cookie sul nostro sito web","description":"A London Backpackers, utilizziamo i cookie per migliorare l'esperienza dell'utente sul nostro sito web. Scopri di pi\u00f9 sulla nostra cookie policy e su come gestire le tue preferenze.","robots":{"index":"index","follow":"follow","max-snippet":"max-snippet:-1","max-image-preview":"max-image-preview:large","max-video-preview":"max-video-preview:-1"},"og_locale":"it_IT","og_type":"article","og_title":"Cookie Policy - Informazioni sull'utilizzo dei cookie sul nostro sito web","og_description":"A London Backpackers, utilizziamo i cookie per migliorare l'esperienza dell'utente sul nostro sito web. Scopri di pi\u00f9 sulla nostra cookie policy e su come gestire le tue preferenze.","og_url":"https:\/\/www.londonbackpackers.com\/it\/cookie-policy\/","og_site_name":"London Backpackers","article_modified_time":"2023-02-28T03:53:54+00:00","twitter_card":"summary_large_image","twitter_misc":{"Tempo di lettura stimato":"3 minuti"},"schema":{"@context":"https:\/\/schema.org","@graph":[{"@type":"WebPage","@id":"https:\/\/www.londonbackpackers.com\/it\/cookie-policy\/","url":"https:\/\/www.londonbackpackers.com\/it\/cookie-policy\/","name":"Cookie Policy - Informazioni sull'utilizzo dei cookie sul nostro sito web","isPartOf":{"@id":"https:\/\/www.londonbackpackers.com\/#website"},"datePublished":"2019-09-25T09:53:09+00:00","dateModified":"2023-02-28T03:53:54+00:00","description":"A London Backpackers, utilizziamo i cookie per migliorare l'esperienza dell'utente sul nostro sito web. Scopri di pi\u00f9 sulla nostra cookie policy e su come gestire le tue preferenze.","breadcrumb":{"@id":"https:\/\/www.londonbackpackers.com\/it\/cookie-policy\/#breadcrumb"},"inLanguage":"it-IT","potentialAction":[{"@type":"ReadAction","target":["https:\/\/www.londonbackpackers.com\/it\/cookie-policy\/"]}]},{"@type":"BreadcrumbList","@id":"https:\/\/www.londonbackpackers.com\/it\/cookie-policy\/#breadcrumb","itemListElement":[{"@type":"ListItem","position":1,"name":"Home","item":"https:\/\/www.londonbackpackers.com\/it\/"},{"@type":"ListItem","position":2,"name":"Gestione dei Cookie"}]},{"@type":"WebSite","@id":"https:\/\/www.londonbackpackers.com\/#website","url":"https:\/\/www.londonbackpackers.com\/","name":"London Backpackers","description":"","potentialAction":[{"@type":"SearchAction","target":{"@type":"EntryPoint","urlTemplate":"https:\/\/www.londonbackpackers.com\/?s={search_term_string}"},"query-input":{"@type":"PropertyValueSpecification","valueRequired":true,"valueName":"search_term_string"}}],"inLanguage":"it-IT"}]}},"_links":{"self":[{"href":"https:\/\/www.londonbackpackers.com\/it\/wp-json\/wp\/v2\/pages\/2065","targetHints":{"allow":["GET"]}}],"collection":[{"href":"https:\/\/www.londonbackpackers.com\/it\/wp-json\/wp\/v2\/pages"}],"about":[{"href":"https:\/\/www.londonbackpackers.com\/it\/wp-json\/wp\/v2\/types\/page"}],"author":[{"embeddable":true,"href":"https:\/\/www.londonbackpackers.com\/it\/wp-json\/wp\/v2\/users\/1"}],"replies":[{"embeddable":true,"href":"https:\/\/www.londonbackpackers.com\/it\/wp-json\/wp\/v2\/comments?post=2065"}],"version-history":[{"count":0,"href":"https:\/\/www.londonbackpackers.com\/it\/wp-json\/wp\/v2\/pages\/2065\/revisions"}],"wp:attachment":[{"href":"https:\/\/www.londonbackpackers.com\/it\/wp-json\/wp\/v2\/media?parent=2065"}],"curies":[{"name":"wp","href":"https:\/\/api.w.org\/{rel}","templated":true}]}}