{"id":2093,"date":"2019-09-20T15:09:12","date_gmt":"2019-09-20T15:09:12","guid":{"rendered":"https:\/\/www.londonbackpackers.com\/rates\/"},"modified":"2023-10-21T12:03:38","modified_gmt":"2023-10-21T12:03:38","slug":"rates","status":"publish","type":"page","link":"https:\/\/www.londonbackpackers.com\/fr\/rates\/","title":{"rendered":"Prix"},"content":{"rendered":"<h2 class=\"hd-type2\"><span style=\"vertical-align: inherit;\"><span style=\"vertical-align: inherit;\">Our prices for the night<\/span><\/span><\/h2>\n<table class=\"simpletable\">\n<tbody>\n<tr>\n<th><span style=\"vertical-align: inherit;\"><span style=\"vertical-align: inherit;\">Room type<\/span><\/span><\/th>\n<th><span style=\"vertical-align: inherit;\"><span style=\"vertical-align: inherit;\">April to September<\/span><\/span><\/th>\n<th><span style=\"vertical-align: inherit;\"><span style=\"vertical-align: inherit;\">October to March<\/span><\/span><\/th>\n<\/tr>\n<tr>\n<td><a href=\"https:\/\/www.londonbackpackers.com\/fr\/our-rooms\/single-room\/\">Single<\/a><\/td>\n<td>from \u00a323<\/td>\n<td>from \u00a321<\/td>\n<\/tr>\n<tr>\n<td><a href=\"https:\/\/www.londonbackpackers.com\/fr\/our-rooms\/twin-room\/\">Twin<\/a> (Bunk Bed)<\/td>\n<td>from \u00a316 per person<\/td>\n<td>from \u00a313 per person<\/td>\n<\/tr>\n<tr>\n<td><a href=\"https:\/\/www.londonbackpackers.com\/fr\/our-rooms\/double-room\/\">Double<\/a><\/td>\n<td><span style=\"vertical-align: inherit;\"><span style=\"vertical-align: inherit;\">from \u00a316 per person<\/span><\/span><\/td>\n<td><span style=\"vertical-align: inherit;\"><span style=\"vertical-align: inherit;\">from \u00a313 per person<\/span><\/span><\/td>\n<\/tr>\n<tr>\n<td><a href=\"https:\/\/www.londonbackpackers.com\/fr\/our-rooms\/4-bed-deluxe-mixed-dorm\/\">Quad (4 Lits)<\/a><\/td>\n<td>from \u00a314<\/td>\n<td>from \u00a311<\/td>\n<\/tr>\n<tr>\n<td><a href=\"https:\/\/www.londonbackpackers.com\/fr\/our-rooms\/6-bed-deluxe-mixed-dorm\/\"><span style=\"vertical-align: inherit;\"><span style=\"vertical-align: inherit;\">Dortoir de luxe de 6 lits<\/span><\/span><\/a><\/td>\n<td>from \u00a313<\/td>\n<td>from \u00a311<\/td>\n<\/tr>\n<tr>\n<td><a href=\"https:\/\/www.londonbackpackers.com\/fr\/our-rooms\/12-bed-female-only-dorm\/\"><span style=\"vertical-align: inherit;\"><span style=\"vertical-align: inherit;\">12 Bed Female Dormitory\u00a0<\/span><\/span><\/a><\/td>\n<td><span style=\"vertical-align: inherit;\"><span style=\"vertical-align: inherit;\">from \u00a311<\/span><\/span><\/td>\n<td>from \u00a39<\/td>\n<\/tr>\n<tr>\n<td><a href=\"https:\/\/www.londonbackpackers.com\/fr\/our-rooms\/15-bed-mixed-dorm\/\"><span style=\"vertical-align: inherit;\"><span style=\"vertical-align: inherit;\">15 Lits Dortoir<\/span><\/span><\/a><\/td>\n<td><span style=\"vertical-align: inherit;\"><span style=\"vertical-align: inherit;\">from \u00a311<\/span><\/span><\/td>\n<td><span style=\"vertical-align: inherit;\"><span style=\"vertical-align: inherit;\">from \u00a39<\/span><\/span><\/td>\n<\/tr>\n<tr>\n<td><a href=\"https:\/\/www.londonbackpackers.com\/our-rooms\/18-bed-mixed-dorm\/\">Dortoir Mixte de 18 Lits<\/a><\/td>\n<td>from \u00a313 &#8211; \u00a325<\/td>\n<td>from \u00a312 &#8211; \u00a321<\/td>\n<\/tr>\n<tr>\n<td><a href=\"https:\/\/www.londonbackpackers.com\/our-rooms\/15-bed-female-only-dorm\/\">Dortoir r\u00e9serv\u00e9 aux femmes de 15 lits<\/a><\/td>\n<td>from \u00a313 &#8211; \u00a325<\/td>\n<td>from \u00a312 &#8211; \u00a321<\/td>\n<\/tr>\n<tr>\n<td><a href=\"https:\/\/www.londonbackpackers.com\/our-rooms\/21-bed-dorm-in-london\/\">Dortoir de 21 Lits<\/a><\/td>\n<td>from \u00a316 &#8211; winter<\/td>\n<td>from \u00a318 &#8211; summer<\/td>\n<\/tr>\n<\/tbody>\n<\/table>\n<p class=\"cms-text\"><span>Les prix comprennent toutes les taxes, les draps et le sourire d\u2019accueil<\/span><\/p>\n<div class=\"right-side-wrapper\">\n<div class=\"extra-btns\">\n<ul>\n<li><a href=\"https:\/\/hotels.cloudbeds.com\/reservation\/MifPJc?ga=2.225549080.303342604.1646026967-1371590319.1640327661&amp;_ga=2.170778345.893767878.1686134176-995497483.1684402800&amp;_gl=1*123jfhl*_ga*OTk1NDk3NDgzLjE2ODQ0MDI4MDA.*_ga_B1175NGJ8S*MTY4NjEzNDE3Ni4yLjEuMTY4NjEzNTcxMi41OC4wLjA.#checkin=2023-05-04&amp;checkout=2023-05-05\" target=\"_blank\" title=\"Click here to book online now!\" rel=\"noopener noreferrer\"><span style=\"vertical-align: inherit;\"><span style=\"vertical-align: inherit;\">Cliquez ici pour r\u00e9server en ligne d\u00e8s maintenant!<\/span><\/span><\/a><\/li>\n<\/ul>\n<\/div>\n<\/div>\n<p>&nbsp;<\/p>\n<p class=\"cms-text\">Pour les r\u00e9servations de grands groupes et de s\u00e9jours longs veuillez nous contacter pour un prix individualise.<\/p>\n<p class=\"cms-text\"><strong><span style=\"vertical-align: inherit;\"><span style=\"vertical-align: inherit;\">Email:\u00a0 <\/span><\/span><\/strong><a href=\"mailto:info@londonbackpackers.com\" title=\"info@londonbackpackers.com\"><span style=\"vertical-align: inherit;\"><span style=\"vertical-align: inherit;\">info@londonbackpackers.com<\/span><\/span><\/a><\/p>\n","protected":false},"excerpt":{"rendered":"<p>Our prices for the night Room type April to September October to March Single from \u00a323 from \u00a321 Twin (Bunk Bed) from \u00a316 per person from \u00a313 per person Double from \u00a316 per person from \u00a313 per person Quad (4<span class=\"ellipsis\">&hellip;<\/span><\/p>\n<div class=\"read-more\"><a href=\"https:\/\/www.londonbackpackers.com\/fr\/rates\/\">Lire plus de <span class=\"screen-reader-text\">Prix<\/span><span class=\"meta-nav\"> &#8250;<\/span><\/a><\/div>\n<p><!-- end of .read-more --><\/p>\n","protected":false},"author":1,"featured_media":0,"parent":0,"menu_order":0,"comment_status":"closed","ping_status":"closed","template":"","meta":{"_acf_changed":false,"footnotes":""},"class_list":["post-2093","page","type-page","status-publish","hentry"],"acf":[],"yoast_head":"<!-- This site is optimized with the Yoast SEO plugin v26.4 - https:\/\/yoast.com\/wordpress\/plugins\/seo\/ -->\n<title>London Youth Hostel tarifs - Pour les chambres partag\u00e9es et priv\u00e9es<\/title>\n<meta name=\"description\" content=\"Parcourez nos derniers tarifs et faites votre choix parmis diff\u00e9rents types de chambres: simples, doubles, etc. R\u00e9servez en ligne d\u00e8s aujourd&#039;hui et obtenez des offres sp\u00e9ciales pour des s\u00e9jours plus longs!\" \/>\n<meta name=\"robots\" content=\"index, follow, max-snippet:-1, max-image-preview:large, max-video-preview:-1\" \/>\n<meta property=\"og:locale\" content=\"fr_FR\" \/>\n<meta property=\"og:type\" content=\"article\" \/>\n<meta property=\"og:title\" content=\"London Youth Hostel tarifs - Pour les chambres partag\u00e9es et priv\u00e9es\" \/>\n<meta property=\"og:description\" content=\"Parcourez nos derniers tarifs et faites votre choix parmis diff\u00e9rents types de chambres: simples, doubles, etc. R\u00e9servez en ligne d\u00e8s aujourd&#039;hui et obtenez des offres sp\u00e9ciales pour des s\u00e9jours plus longs!\" \/>\n<meta property=\"og:url\" content=\"https:\/\/www.londonbackpackers.com\/fr\/rates\/\" \/>\n<meta property=\"og:site_name\" content=\"London Backpackers\" \/>\n<meta property=\"article:modified_time\" content=\"2023-10-21T12:03:38+00:00\" \/>\n<meta name=\"twitter:card\" content=\"summary_large_image\" \/>\n<meta name=\"twitter:label1\" content=\"Dur\u00e9e de lecture estim\u00e9e\" \/>\n\t<meta name=\"twitter:data1\" content=\"1 minute\" \/>\n<script type=\"application\/ld+json\" class=\"yoast-schema-graph\">{\"@context\":\"https:\/\/schema.org\",\"@graph\":[{\"@type\":\"WebPage\",\"@id\":\"https:\/\/www.londonbackpackers.com\/fr\/rates\/\",\"url\":\"https:\/\/www.londonbackpackers.com\/fr\/rates\/\",\"name\":\"London Youth Hostel tarifs - Pour les chambres partag\u00e9es et priv\u00e9es\",\"isPartOf\":{\"@id\":\"https:\/\/www.londonbackpackers.com\/#website\"},\"datePublished\":\"2019-09-20T15:09:12+00:00\",\"dateModified\":\"2023-10-21T12:03:38+00:00\",\"description\":\"Parcourez nos derniers tarifs et faites votre choix parmis diff\u00e9rents types de chambres: simples, doubles, etc. R\u00e9servez en ligne d\u00e8s aujourd'hui et obtenez des offres sp\u00e9ciales pour des s\u00e9jours plus longs!\",\"breadcrumb\":{\"@id\":\"https:\/\/www.londonbackpackers.com\/fr\/rates\/#breadcrumb\"},\"inLanguage\":\"fr-FR\",\"potentialAction\":[{\"@type\":\"ReadAction\",\"target\":[\"https:\/\/www.londonbackpackers.com\/fr\/rates\/\"]}]},{\"@type\":\"BreadcrumbList\",\"@id\":\"https:\/\/www.londonbackpackers.com\/fr\/rates\/#breadcrumb\",\"itemListElement\":[{\"@type\":\"ListItem\",\"position\":1,\"name\":\"Home\",\"item\":\"https:\/\/www.londonbackpackers.com\/fr\/\"},{\"@type\":\"ListItem\",\"position\":2,\"name\":\"Prix\"}]},{\"@type\":\"WebSite\",\"@id\":\"https:\/\/www.londonbackpackers.com\/#website\",\"url\":\"https:\/\/www.londonbackpackers.com\/\",\"name\":\"London Backpackers\",\"description\":\"\",\"potentialAction\":[{\"@type\":\"SearchAction\",\"target\":{\"@type\":\"EntryPoint\",\"urlTemplate\":\"https:\/\/www.londonbackpackers.com\/?s={search_term_string}\"},\"query-input\":{\"@type\":\"PropertyValueSpecification\",\"valueRequired\":true,\"valueName\":\"search_term_string\"}}],\"inLanguage\":\"fr-FR\"}]}<\/script>\n<!-- \/ Yoast SEO plugin. -->","yoast_head_json":{"title":"London Youth Hostel tarifs - Pour les chambres partag\u00e9es et priv\u00e9es","description":"Parcourez nos derniers tarifs et faites votre choix parmis diff\u00e9rents types de chambres: simples, doubles, etc. R\u00e9servez en ligne d\u00e8s aujourd'hui et obtenez des offres sp\u00e9ciales pour des s\u00e9jours plus longs!","robots":{"index":"index","follow":"follow","max-snippet":"max-snippet:-1","max-image-preview":"max-image-preview:large","max-video-preview":"max-video-preview:-1"},"og_locale":"fr_FR","og_type":"article","og_title":"London Youth Hostel tarifs - Pour les chambres partag\u00e9es et priv\u00e9es","og_description":"Parcourez nos derniers tarifs et faites votre choix parmis diff\u00e9rents types de chambres: simples, doubles, etc. R\u00e9servez en ligne d\u00e8s aujourd'hui et obtenez des offres sp\u00e9ciales pour des s\u00e9jours plus longs!","og_url":"https:\/\/www.londonbackpackers.com\/fr\/rates\/","og_site_name":"London Backpackers","article_modified_time":"2023-10-21T12:03:38+00:00","twitter_card":"summary_large_image","twitter_misc":{"Dur\u00e9e de lecture estim\u00e9e":"1 minute"},"schema":{"@context":"https:\/\/schema.org","@graph":[{"@type":"WebPage","@id":"https:\/\/www.londonbackpackers.com\/fr\/rates\/","url":"https:\/\/www.londonbackpackers.com\/fr\/rates\/","name":"London Youth Hostel tarifs - Pour les chambres partag\u00e9es et priv\u00e9es","isPartOf":{"@id":"https:\/\/www.londonbackpackers.com\/#website"},"datePublished":"2019-09-20T15:09:12+00:00","dateModified":"2023-10-21T12:03:38+00:00","description":"Parcourez nos derniers tarifs et faites votre choix parmis diff\u00e9rents types de chambres: simples, doubles, etc. R\u00e9servez en ligne d\u00e8s aujourd'hui et obtenez des offres sp\u00e9ciales pour des s\u00e9jours plus longs!","breadcrumb":{"@id":"https:\/\/www.londonbackpackers.com\/fr\/rates\/#breadcrumb"},"inLanguage":"fr-FR","potentialAction":[{"@type":"ReadAction","target":["https:\/\/www.londonbackpackers.com\/fr\/rates\/"]}]},{"@type":"BreadcrumbList","@id":"https:\/\/www.londonbackpackers.com\/fr\/rates\/#breadcrumb","itemListElement":[{"@type":"ListItem","position":1,"name":"Home","item":"https:\/\/www.londonbackpackers.com\/fr\/"},{"@type":"ListItem","position":2,"name":"Prix"}]},{"@type":"WebSite","@id":"https:\/\/www.londonbackpackers.com\/#website","url":"https:\/\/www.londonbackpackers.com\/","name":"London Backpackers","description":"","potentialAction":[{"@type":"SearchAction","target":{"@type":"EntryPoint","urlTemplate":"https:\/\/www.londonbackpackers.com\/?s={search_term_string}"},"query-input":{"@type":"PropertyValueSpecification","valueRequired":true,"valueName":"search_term_string"}}],"inLanguage":"fr-FR"}]}},"_links":{"self":[{"href":"https:\/\/www.londonbackpackers.com\/fr\/wp-json\/wp\/v2\/pages\/2093","targetHints":{"allow":["GET"]}}],"collection":[{"href":"https:\/\/www.londonbackpackers.com\/fr\/wp-json\/wp\/v2\/pages"}],"about":[{"href":"https:\/\/www.londonbackpackers.com\/fr\/wp-json\/wp\/v2\/types\/page"}],"author":[{"embeddable":true,"href":"https:\/\/www.londonbackpackers.com\/fr\/wp-json\/wp\/v2\/users\/1"}],"replies":[{"embeddable":true,"href":"https:\/\/www.londonbackpackers.com\/fr\/wp-json\/wp\/v2\/comments?post=2093"}],"version-history":[{"count":0,"href":"https:\/\/www.londonbackpackers.com\/fr\/wp-json\/wp\/v2\/pages\/2093\/revisions"}],"wp:attachment":[{"href":"https:\/\/www.londonbackpackers.com\/fr\/wp-json\/wp\/v2\/media?parent=2093"}],"curies":[{"name":"wp","href":"https:\/\/api.w.org\/{rel}","templated":true}]}}