{"id":2050,"date":"2019-09-19T10:12:26","date_gmt":"2019-09-19T10:12:26","guid":{"rendered":"https:\/\/www.londonbackpackers.com\/home\/"},"modified":"2026-04-29T12:27:25","modified_gmt":"2026-04-29T12:27:25","slug":"home","status":"publish","type":"page","link":"https:\/\/www.londonbackpackers.com\/fr\/","title":{"rendered":"Accueil"},"content":{"rendered":"<p>&nbsp;<\/p>\n<linkclump-plus><span style=\"margin: 0px auto; border: 0px dotted red; position: absolute; z-index: 2147483646; visibility: hidden;\"><\/span><span style=\"z-index: 2147483647; display: inline-block; visibility: hidden; position: absolute; top: 0px; left: 0px; line-height: 16px; font-size: 16px; font-weight: 400; color: black; background-color: transparent; padding: 8px; border-radius: 8px; border: 4px double transparent;\"><\/span><\/linkclump-plus>\n","protected":false},"excerpt":{"rendered":"<p>&nbsp;<\/p>\n","protected":false},"author":1,"featured_media":0,"parent":0,"menu_order":-1,"comment_status":"closed","ping_status":"closed","template":"page-templates\/homepage.php","meta":{"_acf_changed":false,"footnotes":""},"class_list":["post-2050","page","type-page","status-publish","hentry"],"acf":[],"yoast_head":"<!-- This site is optimized with the Yoast SEO plugin v26.4 - https:\/\/yoast.com\/wordpress\/plugins\/seo\/ -->\n<title>Backpackers officiels de Londres | Budget Auberges au centre Londres \u00e0 partir de \u20ac11<\/title>\n<meta name=\"description\" content=\"Lits \u00e0 partir de \u20ac 11. L&#039;auberge de jeunesse London Backpackers propose un h\u00e9bergement \u00e9conomique aux voyageurs et aux \u00e9tudiants! R\u00e9servez directement sur le site pour des tarifs sp\u00e9ciaux!\" \/>\n<meta name=\"robots\" content=\"index, follow, max-snippet:-1, max-image-preview:large, max-video-preview:-1\" \/>\n<meta property=\"og:locale\" content=\"fr_FR\" \/>\n<meta property=\"og:type\" content=\"article\" \/>\n<meta property=\"og:title\" content=\"Backpackers officiels de Londres | Budget Auberges au centre Londres \u00e0 partir de \u20ac11\" \/>\n<meta property=\"og:description\" content=\"Lits \u00e0 partir de \u20ac 11. L&#039;auberge de jeunesse London Backpackers propose un h\u00e9bergement \u00e9conomique aux voyageurs et aux \u00e9tudiants! R\u00e9servez directement sur le site pour des tarifs sp\u00e9ciaux!\" \/>\n<meta property=\"og:url\" content=\"https:\/\/www.londonbackpackers.com\/fr\/\" \/>\n<meta property=\"og:site_name\" content=\"London Backpackers\" \/>\n<meta property=\"article:modified_time\" content=\"2026-04-29T12:27:25+00:00\" \/>\n<meta name=\"twitter:card\" content=\"summary_large_image\" \/>\n<script type=\"application\/ld+json\" class=\"yoast-schema-graph\">{\"@context\":\"https:\/\/schema.org\",\"@graph\":[{\"@type\":\"WebPage\",\"@id\":\"https:\/\/www.londonbackpackers.com\/fr\/\",\"url\":\"https:\/\/www.londonbackpackers.com\/fr\/\",\"name\":\"Backpackers officiels de Londres | Budget Auberges au centre Londres \u00e0 partir de \u20ac11\",\"isPartOf\":{\"@id\":\"https:\/\/www.londonbackpackers.com\/#website\"},\"datePublished\":\"2019-09-19T10:12:26+00:00\",\"dateModified\":\"2026-04-29T12:27:25+00:00\",\"description\":\"Lits \u00e0 partir de \u20ac 11. L'auberge de jeunesse London Backpackers propose un h\u00e9bergement \u00e9conomique aux voyageurs et aux \u00e9tudiants! R\u00e9servez directement sur le site pour des tarifs sp\u00e9ciaux!\",\"breadcrumb\":{\"@id\":\"https:\/\/www.londonbackpackers.com\/fr\/#breadcrumb\"},\"inLanguage\":\"fr-FR\",\"potentialAction\":[{\"@type\":\"ReadAction\",\"target\":[\"https:\/\/www.londonbackpackers.com\/fr\/\"]}]},{\"@type\":\"BreadcrumbList\",\"@id\":\"https:\/\/www.londonbackpackers.com\/fr\/#breadcrumb\",\"itemListElement\":[{\"@type\":\"ListItem\",\"position\":1,\"name\":\"Home\",\"item\":\"https:\/\/www.londonbackpackers.com\/fr\/\"},{\"@type\":\"ListItem\",\"position\":2,\"name\":\"Accueil\"}]},{\"@type\":\"WebSite\",\"@id\":\"https:\/\/www.londonbackpackers.com\/#website\",\"url\":\"https:\/\/www.londonbackpackers.com\/\",\"name\":\"London Backpackers\",\"description\":\"\",\"potentialAction\":[{\"@type\":\"SearchAction\",\"target\":{\"@type\":\"EntryPoint\",\"urlTemplate\":\"https:\/\/www.londonbackpackers.com\/?s={search_term_string}\"},\"query-input\":{\"@type\":\"PropertyValueSpecification\",\"valueRequired\":true,\"valueName\":\"search_term_string\"}}],\"inLanguage\":\"fr-FR\"}]}<\/script>\n<!-- \/ Yoast SEO plugin. -->","yoast_head_json":{"title":"Backpackers officiels de Londres | Budget Auberges au centre Londres \u00e0 partir de \u20ac11","description":"Lits \u00e0 partir de \u20ac 11. L'auberge de jeunesse London Backpackers propose un h\u00e9bergement \u00e9conomique aux voyageurs et aux \u00e9tudiants! R\u00e9servez directement sur le site pour des tarifs sp\u00e9ciaux!","robots":{"index":"index","follow":"follow","max-snippet":"max-snippet:-1","max-image-preview":"max-image-preview:large","max-video-preview":"max-video-preview:-1"},"og_locale":"fr_FR","og_type":"article","og_title":"Backpackers officiels de Londres | Budget Auberges au centre Londres \u00e0 partir de \u20ac11","og_description":"Lits \u00e0 partir de \u20ac 11. L'auberge de jeunesse London Backpackers propose un h\u00e9bergement \u00e9conomique aux voyageurs et aux \u00e9tudiants! R\u00e9servez directement sur le site pour des tarifs sp\u00e9ciaux!","og_url":"https:\/\/www.londonbackpackers.com\/fr\/","og_site_name":"London Backpackers","article_modified_time":"2026-04-29T12:27:25+00:00","twitter_card":"summary_large_image","schema":{"@context":"https:\/\/schema.org","@graph":[{"@type":"WebPage","@id":"https:\/\/www.londonbackpackers.com\/fr\/","url":"https:\/\/www.londonbackpackers.com\/fr\/","name":"Backpackers officiels de Londres | Budget Auberges au centre Londres \u00e0 partir de \u20ac11","isPartOf":{"@id":"https:\/\/www.londonbackpackers.com\/#website"},"datePublished":"2019-09-19T10:12:26+00:00","dateModified":"2026-04-29T12:27:25+00:00","description":"Lits \u00e0 partir de \u20ac 11. L'auberge de jeunesse London Backpackers propose un h\u00e9bergement \u00e9conomique aux voyageurs et aux \u00e9tudiants! R\u00e9servez directement sur le site pour des tarifs sp\u00e9ciaux!","breadcrumb":{"@id":"https:\/\/www.londonbackpackers.com\/fr\/#breadcrumb"},"inLanguage":"fr-FR","potentialAction":[{"@type":"ReadAction","target":["https:\/\/www.londonbackpackers.com\/fr\/"]}]},{"@type":"BreadcrumbList","@id":"https:\/\/www.londonbackpackers.com\/fr\/#breadcrumb","itemListElement":[{"@type":"ListItem","position":1,"name":"Home","item":"https:\/\/www.londonbackpackers.com\/fr\/"},{"@type":"ListItem","position":2,"name":"Accueil"}]},{"@type":"WebSite","@id":"https:\/\/www.londonbackpackers.com\/#website","url":"https:\/\/www.londonbackpackers.com\/","name":"London Backpackers","description":"","potentialAction":[{"@type":"SearchAction","target":{"@type":"EntryPoint","urlTemplate":"https:\/\/www.londonbackpackers.com\/?s={search_term_string}"},"query-input":{"@type":"PropertyValueSpecification","valueRequired":true,"valueName":"search_term_string"}}],"inLanguage":"fr-FR"}]}},"_links":{"self":[{"href":"https:\/\/www.londonbackpackers.com\/fr\/wp-json\/wp\/v2\/pages\/2050","targetHints":{"allow":["GET"]}}],"collection":[{"href":"https:\/\/www.londonbackpackers.com\/fr\/wp-json\/wp\/v2\/pages"}],"about":[{"href":"https:\/\/www.londonbackpackers.com\/fr\/wp-json\/wp\/v2\/types\/page"}],"author":[{"embeddable":true,"href":"https:\/\/www.londonbackpackers.com\/fr\/wp-json\/wp\/v2\/users\/1"}],"replies":[{"embeddable":true,"href":"https:\/\/www.londonbackpackers.com\/fr\/wp-json\/wp\/v2\/comments?post=2050"}],"version-history":[{"count":4,"href":"https:\/\/www.londonbackpackers.com\/fr\/wp-json\/wp\/v2\/pages\/2050\/revisions"}],"predecessor-version":[{"id":14301,"href":"https:\/\/www.londonbackpackers.com\/fr\/wp-json\/wp\/v2\/pages\/2050\/revisions\/14301"}],"wp:attachment":[{"href":"https:\/\/www.londonbackpackers.com\/fr\/wp-json\/wp\/v2\/media?parent=2050"}],"curies":[{"name":"wp","href":"https:\/\/api.w.org\/{rel}","templated":true}]}}