{"id":2085,"date":"2019-09-20T16:17:11","date_gmt":"2019-09-20T16:17:11","guid":{"rendered":"https:\/\/www.londonbackpackers.com\/local-attractions\/"},"modified":"2025-11-17T06:36:50","modified_gmt":"2025-11-17T06:36:50","slug":"local-attractions","status":"publish","type":"page","link":"https:\/\/www.londonbackpackers.com\/es\/local-attractions\/","title":{"rendered":"Atracciones locales: explore lo que hay cerca"},"content":{"rendered":"<h2 class=\"hd-type2 x-center\">Atracciones Locales<\/h2>\n<p><strong>London Backpackers est\u00e1 ubicada en una zona residencial, llena con comodidades como restaurantes, tiendas, bares y pubs tanto como centros de educaci\u00f3n. Todo est\u00e1 bien conectado con el transporte p\u00fablico.<\/strong><\/p>\n<p><strong><\/strong><\/p>\n<div>Cerca del hostal puedes encontrar;<\/div>\n<div>Hampstead Heath<\/div>\n<div>Kenwood House<\/div>\n<div>Camden Markets<\/div>\n<div>RAF Museum<\/div>\n<p>&nbsp;<\/p>\n<p>Los siguientes restaurantes son solamente algunos ubicados en Hendon, cerca del hostal:<\/p>\n<h3 class=\"head-typ1\">Jade Cottage<\/h3>\n<figure id=\"attachment_3736\" aria-describedby=\"caption-attachment-3736\" style=\"width: 334px\" class=\"wp-caption aligncenter\"><img loading=\"lazy\" decoding=\"async\" src=\"https:\/\/www.londonbackpackers.com\/wp-content\/uploads\/2019\/12\/Jade-Cottage-Restaurant-e1748519519673.jpg\" alt=\"\" width=\"334\" height=\"342\" class=\"wp-image-3742 size-full\" \/><figcaption id=\"caption-attachment-3736\" class=\"wp-caption-text\">Jade Cottage<\/figcaption><\/figure>\n<p>Un restaurante chino a menos de 2 mins del hostal. Con empleados educados. Puedes elegir entre un rango de platos de pollo, vacuno, poke, pato y marisco, incluyendo calamares y vieiras. Con un precio bajo entre \u00a34.50 -\u00a36.00..<br \/>\nDireccion: 224-226 Hendon Way, Hendon Central , NW4 3NL<\/p>\n<h3 class=\"head-typ1\">L&#8217;Artistra Pizzeria<\/h3>\n<figure id=\"attachment_3743\" aria-describedby=\"caption-attachment-3743\" style=\"width: 599px\" class=\"wp-caption aligncenter\"><img loading=\"lazy\" decoding=\"async\" src=\"https:\/\/www.londonbackpackers.com\/wp-content\/uploads\/2019\/12\/Pizzeria.jpg\" alt=\"\" width=\"599\" height=\"449\" class=\"wp-image-3749 size-full\" \/><figcaption id=\"caption-attachment-3743\" class=\"wp-caption-text\">Pizzeria<\/figcaption><\/figure>\n<p>&nbsp;<\/p>\n<p>Un restaurante italiano con buen servicio y empleados amables. Cargo m\u00ednimo es \u00a35.00 y las raciones, principalmente pizza y pasta, son grandes y llena el estomago. Just a la vuelta de la esquina del hostal.<br \/>\nDireccion: Watford Way , Hendon<\/p>\n<h3 class=\"head-typ1\">Sam&#8217;s Fish &#8216;n&#8217; Chips<\/h3>\n<figure id=\"attachment_3729\" aria-describedby=\"caption-attachment-3729\" style=\"width: 334px\" class=\"wp-caption aligncenter\"><img loading=\"lazy\" decoding=\"async\" src=\"https:\/\/www.londonbackpackers.com\/wp-content\/uploads\/2019\/12\/Fish-n-Chips.jpg\" alt=\"\" width=\"334\" height=\"342\" class=\"wp-image-3735 size-full\" \/><figcaption id=\"caption-attachment-3729\" class=\"wp-caption-text\">Sam\u2019s Fish \u2018n\u2019 Chips<\/figcaption><\/figure>\n<p>&nbsp;<\/p>\n<p>Saborea Inglaterra con este plato tan t\u00edpico. Patatas mojadas en aceite en un bar sucio? Aqu\u00ed no. Sam &#8216;s es un lugar muy sofisticado, probablemente entre los m\u00e1s pijos Fish &amp; Chips en Londres. El pescado se fr\u00ede en migas de pan y se sirve con una ensalada mixta.<br \/>\nDireccion: 68-70 Golders Green Road , NW11 8LN<\/p>\n<h3 class=\"head-typ1\">Pubs y bares localizados en Hendon<\/h3>\n<figure id=\"attachment_3751\" aria-describedby=\"caption-attachment-3751\" style=\"width: 375px\" class=\"wp-caption aligncenter\"><img loading=\"lazy\" decoding=\"async\" src=\"https:\/\/www.londonbackpackers.com\/wp-content\/uploads\/2019\/12\/Pub.jpg\" alt=\"\" width=\"375\" height=\"342\" class=\"wp-image-3757 size-full\" \/><figcaption id=\"caption-attachment-3751\" class=\"wp-caption-text\">Pubs &amp; Bars<\/figcaption><\/figure>\n<p>&nbsp;<\/p>\n<p>Los restaurantes no son los \u00fanicos comodidades que Hendon ofrece. Este barrio tiene muchos bares y discotecas significa que si est\u00e1s buscando una <a href=\"https:\/\/www.londonbackpackers.com\/guide-to-london\/nightlife-guide\/\">noche de juerga<\/a>, \u00bfpor qu\u00e9 no empezar en uno de los bares locales antes de continuar hacia el centro.<\/p>\n<h3 class=\"head-typ1\">Gallery<\/h3>\n<p>La cosa m\u00e1s nueva del barrio. Este \u201ctodo en uno\u201d lugar con restaurante, bar y discoteca est\u00e1 ubicada segundos del hostal y est\u00e1 abierto hasta la madrugada. Direcci\u00f3n: Hendon Way, NW4<\/p>\n<h3 class=\"head-typ1\">Bodhran Bar<\/h3>\n<p>Ubicado a unos minutos del hostal, Bodhran es el t\u00edpico bar Irland\u00e9s, con tendencia de atraer una clientela m\u00e1s viejo. Tienen televisi\u00f3n de pantalla grande proyectando Sky Sports.<br \/>\nDirecci\u00f3n: 3-5 Vivian Avenue , Hendon , NW4 3UP<\/p>\n<h3 class=\"head-typ1\">The Claddagh Ring<\/h3>\n<p>Un favorito entre los del barrio. Ubicada a unos minutos de caminata del hostal, este pub irlandes tiene m\u00fasica en directo los Jueves, Viernes y fin de semana. Desde Celtic Rock a m\u00fasica folkl\u00f3rica irland\u00e9s.<br \/>\nDirecci\u00f3n: 10 Church Rd , Hendon , NW4 4EA<\/p>\n<h3 class=\"head-typ1\">The Hendon<\/h3>\n<p>The Hendon tiene una licencia para cerrar tarde y tiene m\u00fasica de DJ cada viernes y s\u00e1bado. El espect\u00e1culo contin\u00faa durante la semana.<br \/>\nDirecci\u00f3n: 373 -377 Hendon Way, NW4 3LP<\/p>\n<h3 class=\"head-typ1\">White Swan<\/h3>\n<p>Mayormente frecuentada por australianos y neozelandeses, The White Swan (El cisne blanco) normalmente est\u00e1 a tope. Aqu\u00ed puedes cantar Karaoke cada dos viernes, y tambi\u00e9n tienen noches tem\u00e1ticas.<br \/>\nDirecci\u00f3n: 243 Golders Green Road, NW11 9PN<\/p>\n<p><strong>En Hampstead, relativamente cerca de Hendon, puedes encontrar:<\/strong><\/p>\n<p>Toast Bar<br \/>\nBabushka<br \/>\nTip Top Thai<br \/>\nAl- Casbah<br \/>\nFrascati<br \/>\nDim T<\/p>\n","protected":false},"excerpt":{"rendered":"<p>Atracciones Locales London Backpackers est\u00e1 ubicada en una zona residencial, llena con comodidades como restaurantes, tiendas, bares y pubs tanto como centros de educaci\u00f3n. Todo est\u00e1 bien conectado con el transporte p\u00fablico. Cerca del hostal puedes encontrar; Hampstead Heath Kenwood<span class=\"ellipsis\">&hellip;<\/span><\/p>\n<div class=\"read-more\"><a href=\"https:\/\/www.londonbackpackers.com\/es\/local-attractions\/\">Leer m\u00e1s de <span class=\"screen-reader-text\">Atracciones locales: explore lo que hay cerca<\/span><span class=\"meta-nav\"> &#8250;<\/span><\/a><\/div>\n<p><!-- end of .read-more --><\/p>\n","protected":false},"author":1,"featured_media":0,"parent":0,"menu_order":0,"comment_status":"closed","ping_status":"closed","template":"","meta":{"_acf_changed":false,"footnotes":""},"class_list":["post-2085","page","type-page","status-publish","hentry"],"acf":[],"yoast_head":"<!-- This site is optimized with the Yoast SEO plugin v26.4 - https:\/\/yoast.com\/wordpress\/plugins\/seo\/ -->\n<title>Atracciones en Hendon - explora los pubs locales, restaurantes y tiendas con UK Hostels<\/title>\n<meta name=\"description\" content=\"London Backpackers es el lugar perfecto para alojarse, con comodidades locales como restaurantes, pubs y tiendas a tan s\u00f3lo unos minutos. \u00a1Reserva ya tu cama con nosotros!\" \/>\n<meta name=\"robots\" content=\"index, follow, max-snippet:-1, max-image-preview:large, max-video-preview:-1\" \/>\n<meta property=\"og:locale\" content=\"es_ES\" \/>\n<meta property=\"og:type\" content=\"article\" \/>\n<meta property=\"og:title\" content=\"Atracciones en Hendon - explora los pubs locales, restaurantes y tiendas con UK Hostels\" \/>\n<meta property=\"og:description\" content=\"London Backpackers es el lugar perfecto para alojarse, con comodidades locales como restaurantes, pubs y tiendas a tan s\u00f3lo unos minutos. \u00a1Reserva ya tu cama con nosotros!\" \/>\n<meta property=\"og:url\" content=\"https:\/\/www.londonbackpackers.com\/es\/local-attractions\/\" \/>\n<meta property=\"og:site_name\" content=\"London Backpackers\" \/>\n<meta property=\"article:modified_time\" content=\"2025-11-17T06:36:50+00:00\" \/>\n<meta property=\"og:image\" content=\"https:\/\/www.londonbackpackers.com\/wp-content\/uploads\/2019\/12\/Jade-Cottage-Restaurant-e1748519519673.jpg\" \/>\n\t<meta property=\"og:image:width\" content=\"334\" \/>\n\t<meta property=\"og:image:height\" content=\"342\" \/>\n\t<meta property=\"og:image:type\" content=\"image\/jpeg\" \/>\n<meta name=\"twitter:card\" content=\"summary_large_image\" \/>\n<meta name=\"twitter:label1\" content=\"Tiempo de lectura\" \/>\n\t<meta name=\"twitter:data1\" content=\"3 minutos\" \/>\n<script type=\"application\/ld+json\" class=\"yoast-schema-graph\">{\"@context\":\"https:\/\/schema.org\",\"@graph\":[{\"@type\":\"WebPage\",\"@id\":\"https:\/\/www.londonbackpackers.com\/es\/local-attractions\/\",\"url\":\"https:\/\/www.londonbackpackers.com\/es\/local-attractions\/\",\"name\":\"Atracciones en Hendon - explora los pubs locales, restaurantes y tiendas con UK Hostels\",\"isPartOf\":{\"@id\":\"https:\/\/www.londonbackpackers.com\/#website\"},\"primaryImageOfPage\":{\"@id\":\"https:\/\/www.londonbackpackers.com\/es\/local-attractions\/#primaryimage\"},\"image\":{\"@id\":\"https:\/\/www.londonbackpackers.com\/es\/local-attractions\/#primaryimage\"},\"thumbnailUrl\":\"https:\/\/www.londonbackpackers.com\/wp-content\/uploads\/2019\/12\/Jade-Cottage-Restaurant-e1748519519673.jpg\",\"datePublished\":\"2019-09-20T16:17:11+00:00\",\"dateModified\":\"2025-11-17T06:36:50+00:00\",\"description\":\"London Backpackers es el lugar perfecto para alojarse, con comodidades locales como restaurantes, pubs y tiendas a tan s\u00f3lo unos minutos. \u00a1Reserva ya tu cama con nosotros!\",\"breadcrumb\":{\"@id\":\"https:\/\/www.londonbackpackers.com\/es\/local-attractions\/#breadcrumb\"},\"inLanguage\":\"es\",\"potentialAction\":[{\"@type\":\"ReadAction\",\"target\":[\"https:\/\/www.londonbackpackers.com\/es\/local-attractions\/\"]}]},{\"@type\":\"ImageObject\",\"inLanguage\":\"es\",\"@id\":\"https:\/\/www.londonbackpackers.com\/es\/local-attractions\/#primaryimage\",\"url\":\"https:\/\/www.londonbackpackers.com\/wp-content\/uploads\/2019\/12\/Jade-Cottage-Restaurant-e1748519519673.jpg\",\"contentUrl\":\"https:\/\/www.londonbackpackers.com\/wp-content\/uploads\/2019\/12\/Jade-Cottage-Restaurant-e1748519519673.jpg\"},{\"@type\":\"BreadcrumbList\",\"@id\":\"https:\/\/www.londonbackpackers.com\/es\/local-attractions\/#breadcrumb\",\"itemListElement\":[{\"@type\":\"ListItem\",\"position\":1,\"name\":\"Home\",\"item\":\"https:\/\/www.londonbackpackers.com\/es\/\"},{\"@type\":\"ListItem\",\"position\":2,\"name\":\"Atracciones locales: explore lo que hay cerca\"}]},{\"@type\":\"WebSite\",\"@id\":\"https:\/\/www.londonbackpackers.com\/#website\",\"url\":\"https:\/\/www.londonbackpackers.com\/\",\"name\":\"London Backpackers\",\"description\":\"\",\"potentialAction\":[{\"@type\":\"SearchAction\",\"target\":{\"@type\":\"EntryPoint\",\"urlTemplate\":\"https:\/\/www.londonbackpackers.com\/?s={search_term_string}\"},\"query-input\":{\"@type\":\"PropertyValueSpecification\",\"valueRequired\":true,\"valueName\":\"search_term_string\"}}],\"inLanguage\":\"es\"}]}<\/script>\n<!-- \/ Yoast SEO plugin. -->","yoast_head_json":{"title":"Atracciones en Hendon - explora los pubs locales, restaurantes y tiendas con UK Hostels","description":"London Backpackers es el lugar perfecto para alojarse, con comodidades locales como restaurantes, pubs y tiendas a tan s\u00f3lo unos minutos. \u00a1Reserva ya tu cama con nosotros!","robots":{"index":"index","follow":"follow","max-snippet":"max-snippet:-1","max-image-preview":"max-image-preview:large","max-video-preview":"max-video-preview:-1"},"og_locale":"es_ES","og_type":"article","og_title":"Atracciones en Hendon - explora los pubs locales, restaurantes y tiendas con UK Hostels","og_description":"London Backpackers es el lugar perfecto para alojarse, con comodidades locales como restaurantes, pubs y tiendas a tan s\u00f3lo unos minutos. \u00a1Reserva ya tu cama con nosotros!","og_url":"https:\/\/www.londonbackpackers.com\/es\/local-attractions\/","og_site_name":"London Backpackers","article_modified_time":"2025-11-17T06:36:50+00:00","og_image":[{"width":334,"height":342,"url":"https:\/\/www.londonbackpackers.com\/wp-content\/uploads\/2019\/12\/Jade-Cottage-Restaurant-e1748519519673.jpg","type":"image\/jpeg"}],"twitter_card":"summary_large_image","twitter_misc":{"Tiempo de lectura":"3 minutos"},"schema":{"@context":"https:\/\/schema.org","@graph":[{"@type":"WebPage","@id":"https:\/\/www.londonbackpackers.com\/es\/local-attractions\/","url":"https:\/\/www.londonbackpackers.com\/es\/local-attractions\/","name":"Atracciones en Hendon - explora los pubs locales, restaurantes y tiendas con UK Hostels","isPartOf":{"@id":"https:\/\/www.londonbackpackers.com\/#website"},"primaryImageOfPage":{"@id":"https:\/\/www.londonbackpackers.com\/es\/local-attractions\/#primaryimage"},"image":{"@id":"https:\/\/www.londonbackpackers.com\/es\/local-attractions\/#primaryimage"},"thumbnailUrl":"https:\/\/www.londonbackpackers.com\/wp-content\/uploads\/2019\/12\/Jade-Cottage-Restaurant-e1748519519673.jpg","datePublished":"2019-09-20T16:17:11+00:00","dateModified":"2025-11-17T06:36:50+00:00","description":"London Backpackers es el lugar perfecto para alojarse, con comodidades locales como restaurantes, pubs y tiendas a tan s\u00f3lo unos minutos. \u00a1Reserva ya tu cama con nosotros!","breadcrumb":{"@id":"https:\/\/www.londonbackpackers.com\/es\/local-attractions\/#breadcrumb"},"inLanguage":"es","potentialAction":[{"@type":"ReadAction","target":["https:\/\/www.londonbackpackers.com\/es\/local-attractions\/"]}]},{"@type":"ImageObject","inLanguage":"es","@id":"https:\/\/www.londonbackpackers.com\/es\/local-attractions\/#primaryimage","url":"https:\/\/www.londonbackpackers.com\/wp-content\/uploads\/2019\/12\/Jade-Cottage-Restaurant-e1748519519673.jpg","contentUrl":"https:\/\/www.londonbackpackers.com\/wp-content\/uploads\/2019\/12\/Jade-Cottage-Restaurant-e1748519519673.jpg"},{"@type":"BreadcrumbList","@id":"https:\/\/www.londonbackpackers.com\/es\/local-attractions\/#breadcrumb","itemListElement":[{"@type":"ListItem","position":1,"name":"Home","item":"https:\/\/www.londonbackpackers.com\/es\/"},{"@type":"ListItem","position":2,"name":"Atracciones locales: explore lo que hay cerca"}]},{"@type":"WebSite","@id":"https:\/\/www.londonbackpackers.com\/#website","url":"https:\/\/www.londonbackpackers.com\/","name":"London Backpackers","description":"","potentialAction":[{"@type":"SearchAction","target":{"@type":"EntryPoint","urlTemplate":"https:\/\/www.londonbackpackers.com\/?s={search_term_string}"},"query-input":{"@type":"PropertyValueSpecification","valueRequired":true,"valueName":"search_term_string"}}],"inLanguage":"es"}]}},"_links":{"self":[{"href":"https:\/\/www.londonbackpackers.com\/es\/wp-json\/wp\/v2\/pages\/2085","targetHints":{"allow":["GET"]}}],"collection":[{"href":"https:\/\/www.londonbackpackers.com\/es\/wp-json\/wp\/v2\/pages"}],"about":[{"href":"https:\/\/www.londonbackpackers.com\/es\/wp-json\/wp\/v2\/types\/page"}],"author":[{"embeddable":true,"href":"https:\/\/www.londonbackpackers.com\/es\/wp-json\/wp\/v2\/users\/1"}],"replies":[{"embeddable":true,"href":"https:\/\/www.londonbackpackers.com\/es\/wp-json\/wp\/v2\/comments?post=2085"}],"version-history":[{"count":1,"href":"https:\/\/www.londonbackpackers.com\/es\/wp-json\/wp\/v2\/pages\/2085\/revisions"}],"predecessor-version":[{"id":13507,"href":"https:\/\/www.londonbackpackers.com\/es\/wp-json\/wp\/v2\/pages\/2085\/revisions\/13507"}],"wp:attachment":[{"href":"https:\/\/www.londonbackpackers.com\/es\/wp-json\/wp\/v2\/media?parent=2085"}],"curies":[{"name":"wp","href":"https:\/\/api.w.org\/{rel}","templated":true}]}}