{"id":2067,"date":"2019-09-25T09:53:09","date_gmt":"2019-09-25T09:53:09","guid":{"rendered":"https:\/\/www.londonbackpackers.com\/cookie-policy\/"},"modified":"2023-02-28T03:55:39","modified_gmt":"2023-02-28T03:55:39","slug":"cookie-policy","status":"publish","type":"page","link":"https:\/\/www.londonbackpackers.com\/es\/cookie-policy\/","title":{"rendered":"Pol\u00edtica de cookies"},"content":{"rendered":"<div class=\"def-cmspage-content cookie-page-main\">\n<h2 class=\"hd-typ14\">\u00bfQu\u00e9 son las cookies?<\/h2>\n<p>Una cookie es un archivo de texto simple que el servidor de un sitio web almacena en su computadora o dispositivo m\u00f3vil y solo ese servidor podr\u00e1 recuperar o leer el contenido de esa cookie. Cada cookie es \u00fanica para su navegador web. Contendr\u00e1 informaci\u00f3n an\u00f3nima, como un identificador \u00fanico y el nombre del sitio y algunos d\u00edgitos y n\u00fameros. Permite que un sitio web recuerde cosas como sus preferencias o lo que hay en su carrito de compras.<\/p>\n<h2 class=\"hd-typ14\" style=\"margin-top:20px;\"> \u00bfQu\u00e9 cookies se utilizan en este sitio web?<\/h2>\n<div class=\"table-typ1-div\">\n<table class=\"table-typ1\">\n<tbody>\n<tr class=\"tr-head\">\n<th><strong style=\"font-size: 14px;\">Galleta<\/strong><\/th>\n<th><strong style=\"font-size: 14px;\">Prop\u00f3sito<\/strong><\/th>\n<\/tr>\n<tr>\n<th data-title=\"Cookie\"><strong style=\"font-size: 16px;\">PHPSESSID<\/strong><\/th>\n<td data-title=\"Purpose\">Esta es una cookie de sesi\u00f3n utilizada para preservar datos en accesos posteriores. Es una cookie temporal que permanece en el archivo de cookies de su navegador hasta que cierre el navegador. Se utiliza principalmente para mantener su identidad.<\/td>\n<\/tr>\n<tr>\n<th data-title=\"Cookie\"><strong style=\"font-size: 14px;\">CookiesDirective<\/strong><\/th>\n<td data-title=\"Purpose\">Usado por el sitio web para notificar que las cookies est\u00e1n en uso<\/td>\n<\/tr>\n<\/tbody>\n<\/table>\n<\/div>\n<h2 class=\"hd-typ14\" style=\"margin-top:40px;\">\u00bfC\u00f3mo habilitar y deshabilitar las cookies usando su navegador?<\/h2>\n<p><strong style=\"font-size: 14px;\">Google Chrome<\/strong><\/p>\n<ul>\n<li>Haga clic en el icono de &#8220;llave&#8221; en el navegador (generalmente se encuentra en la esquina superior derecha) para abrir el men\u00fa de herramientas<\/li>\n<li>En el men\u00fa de herramientas, seleccione &#8216;Opciones&#8217;<\/li>\n<li>Haga clic en la pesta\u00f1a &#8216;Bajo el cap\u00f3&#8217; del men\u00fa a la izquierda.<\/li>\n<li>En la secci\u00f3n &#8216;Privacidad&#8217;, seleccione el bot\u00f3n &#8216;Configuraci\u00f3n de contenido&#8217;<\/li>\n<li>Para habilitar las cookies: seleccione la opci\u00f3n &#8216;Permitir que se establezcan datos locales&#8217;<\/li>\n<li>Para deshabilitar las cookies: mueva el control deslizante hacia arriba para bloquear todas las cookies<\/li>\n<li>Tenga en cuenta que hay varios niveles de habilitaci\u00f3n y deshabilitaci\u00f3n de cookies en Chrome. Para obtener m\u00e1s informaci\u00f3n sobre otras configuraciones de cookies que se ofrecen en Chrome, consulte la siguiente p\u00e1gina de Google <a href=\"http:\/\/support.google.com\/chrome\/bin\/answer.py?hl=en&amp;answer=95647\" rel=\"nofollow noopener noreferrer\" class=\"lnk-typ1\" target=\"_blank\">http:\/\/support.google.com\/chrome\/bin\/answer.py?hl=en&amp;answer=95647<\/a><\/li>\n<\/ul>\n<p><strong style=\"font-size: 14px;\">Mozilla Firefox<\/strong><\/p>\n<ul>\n<li>Haga clic en &#8216;Herramientas&#8217; en el men\u00fa del navegador y seleccione &#8216;Opciones&#8217;<\/li>\n<li>Seleccione el panel de privacidad<\/li>\n<li>Para habilitar las cookies: marque &#8220;Aceptar cookies para sitios&#8221;<\/li>\n<li>Para deshabilitar las cookies: desmarque &#8220;Aceptar cookies para sitios&#8221;<\/li>\n<li>Tenga en cuenta que hay varios niveles de habilitaci\u00f3n y deshabilitaci\u00f3n de cookies en Firefox. Para obtener m\u00e1s informaci\u00f3n, consulte la siguiente p\u00e1gina de Mozilla: <a href=\"http:\/\/support.mozilla.org\/en-US\/kb\/Enabling%20and%20disabling%20cookies\" rel=\"nofollow noopener noreferrer\" class=\"lnk-typ1\" target=\"_blank\">http:\/\/support.mozilla.org\/en-US\/kb\/Enabling%20and%20disabling%20cookies<\/a><\/li>\n<\/ul>\n<p><strong style=\"font-size: 14px;\">Opera<\/strong><\/p>\n<ul>\n<li>Haga clic en &#8216;Configuraci\u00f3n&#8217; en el men\u00fa del navegador y seleccione &#8216;Configuraci\u00f3n&#8217;<\/li>\n<li>Seleccione &#8216;Preferencias r\u00e1pidas&#8217;<\/li>\n<li>Para habilitar las cookies: marque &#8220;Habilitar cookies&#8221;<\/li>\n<li>Para deshabilitar las cookies: desmarque &#8220;Habilitar cookies&#8221;<\/li>\n<li>Tenga en cuenta que hay varios niveles de habilitaci\u00f3n y deshabilitaci\u00f3n de cookies en Opera. Para obtener m\u00e1s informaci\u00f3n sobre otras configuraciones de cookies que se ofrecen en Opera, consulte la siguiente p\u00e1gina de Opera Software: <a href=\"http:\/\/www.opera.com\/browser\/tutorials\/security\/privacy\/\" rel=\"nofollow noopener noreferrer\" class=\"lnk-typ1\" target=\"_blank\">http:\/\/www.opera.com\/browser\/tutorials\/security\/privacy\/<\/a><\/li>\n<\/ul>\n<p><strong style=\"font-size: 14px;\">Safari on OSX<\/strong><\/p>\n<ul>\n<li>Haga clic en &#8216;Safari&#8217; en la barra de men\u00fa y seleccione la opci\u00f3n &#8216;Preferencias&#8217;<\/li>\n<li>Haga clic en &#8216;Seguridad&#8217;<\/li>\n<li>Para habilitar las cookies: en la secci\u00f3n &#8220;Aceptar cookies&#8221;, seleccione &#8220;Solo del sitio al que navega&#8221;<\/li>\n<li>Para deshabilitar las cookies: en la secci\u00f3n &#8220;Aceptar cookies&#8221;, seleccione &#8220;Nunca&#8221;<\/li>\n<li>Tenga en cuenta que hay varios niveles de habilitaci\u00f3n y deshabilitaci\u00f3n de cookies en Safari. Para obtener m\u00e1s informaci\u00f3n sobre otras configuraciones de cookies que se ofrecen en Safari, consulte la siguiente p\u00e1gina de Apple: <a href=\"http:\/\/docs.info.apple.com\/article.html?path=Safari\/3.0\/en\/9277.html\" rel=\"nofollow noopener noreferrer\" class=\"lnk-typ1\" target=\"_blank\">http:\/\/docs.info.apple.com\/article.html?path=Safari\/3.0\/en\/9277.html<\/a><\/li>\n<\/ul>\n<p><strong style=\"font-size: 14px;\">Todos los otros navegadores<\/strong><\/p>\n<ul>\n<li>Busque una funci\u00f3n de &#8220;ayuda&#8221; en el navegador o p\u00f3ngase en contacto con el proveedor del navegador. Tambi\u00e9n puede encontrar m\u00e1s informaci\u00f3n en la siguiente p\u00e1gina: <a href=\"http:\/\/www.allaboutcookies.org\/manage-cookies\/\" rel=\"nofollow noopener noreferrer\" class=\"lnk-typ1\" target=\"_blank\">http:\/\/www.allaboutcookies.org\/manage-cookies\/<\/a><\/li>\n<\/ul>\n<\/div>\n","protected":false},"excerpt":{"rendered":"<p>\u00bfQu\u00e9 son las cookies? Una cookie es un archivo de texto simple que el servidor de un sitio web almacena en su computadora o dispositivo m\u00f3vil y solo ese servidor podr\u00e1 recuperar o leer el contenido de esa cookie. Cada<span class=\"ellipsis\">&hellip;<\/span><\/p>\n<div class=\"read-more\"><a href=\"https:\/\/www.londonbackpackers.com\/es\/cookie-policy\/\">Leer m\u00e1s de <span class=\"screen-reader-text\">Pol\u00edtica de cookies<\/span><span class=\"meta-nav\"> &#8250;<\/span><\/a><\/div>\n<p><!-- end of .read-more --><\/p>\n","protected":false},"author":1,"featured_media":0,"parent":0,"menu_order":0,"comment_status":"closed","ping_status":"closed","template":"","meta":{"_acf_changed":false,"footnotes":""},"class_list":["post-2067","page","type-page","status-publish","hentry"],"acf":[],"yoast_head":"<!-- This site is optimized with the Yoast SEO plugin v26.4 - https:\/\/yoast.com\/wordpress\/plugins\/seo\/ -->\n<title>Cookie Policy - Information on use of cookies on our website<\/title>\n<meta name=\"description\" content=\"En London Backpackers, utilizamos cookies para mejorar la experiencia del usuario en nuestro sitio web. Obtenga m\u00e1s informaci\u00f3n sobre nuestra pol\u00edtica de cookies y c\u00f3mo administrar sus preferencias.\" \/>\n<meta name=\"robots\" content=\"index, follow, max-snippet:-1, max-image-preview:large, max-video-preview:-1\" \/>\n<meta property=\"og:locale\" content=\"es_ES\" \/>\n<meta property=\"og:type\" content=\"article\" \/>\n<meta property=\"og:title\" content=\"Cookie Policy - Information on use of cookies on our website\" \/>\n<meta property=\"og:description\" content=\"En London Backpackers, utilizamos cookies para mejorar la experiencia del usuario en nuestro sitio web. Obtenga m\u00e1s informaci\u00f3n sobre nuestra pol\u00edtica de cookies y c\u00f3mo administrar sus preferencias.\" \/>\n<meta property=\"og:url\" content=\"https:\/\/www.londonbackpackers.com\/es\/cookie-policy\/\" \/>\n<meta property=\"og:site_name\" content=\"London Backpackers\" \/>\n<meta property=\"article:modified_time\" content=\"2023-02-28T03:55:39+00:00\" \/>\n<meta name=\"twitter:card\" content=\"summary_large_image\" \/>\n<meta name=\"twitter:label1\" content=\"Tiempo de lectura\" \/>\n\t<meta name=\"twitter:data1\" content=\"3 minutos\" \/>\n<script type=\"application\/ld+json\" class=\"yoast-schema-graph\">{\"@context\":\"https:\/\/schema.org\",\"@graph\":[{\"@type\":\"WebPage\",\"@id\":\"https:\/\/www.londonbackpackers.com\/es\/cookie-policy\/\",\"url\":\"https:\/\/www.londonbackpackers.com\/es\/cookie-policy\/\",\"name\":\"Cookie Policy - Information on use of cookies on our website\",\"isPartOf\":{\"@id\":\"https:\/\/www.londonbackpackers.com\/#website\"},\"datePublished\":\"2019-09-25T09:53:09+00:00\",\"dateModified\":\"2023-02-28T03:55:39+00:00\",\"description\":\"En London Backpackers, utilizamos cookies para mejorar la experiencia del usuario en nuestro sitio web. Obtenga m\u00e1s informaci\u00f3n sobre nuestra pol\u00edtica de cookies y c\u00f3mo administrar sus preferencias.\",\"breadcrumb\":{\"@id\":\"https:\/\/www.londonbackpackers.com\/es\/cookie-policy\/#breadcrumb\"},\"inLanguage\":\"es\",\"potentialAction\":[{\"@type\":\"ReadAction\",\"target\":[\"https:\/\/www.londonbackpackers.com\/es\/cookie-policy\/\"]}]},{\"@type\":\"BreadcrumbList\",\"@id\":\"https:\/\/www.londonbackpackers.com\/es\/cookie-policy\/#breadcrumb\",\"itemListElement\":[{\"@type\":\"ListItem\",\"position\":1,\"name\":\"Home\",\"item\":\"https:\/\/www.londonbackpackers.com\/es\/\"},{\"@type\":\"ListItem\",\"position\":2,\"name\":\"Pol\u00edtica de cookies\"}]},{\"@type\":\"WebSite\",\"@id\":\"https:\/\/www.londonbackpackers.com\/#website\",\"url\":\"https:\/\/www.londonbackpackers.com\/\",\"name\":\"London Backpackers\",\"description\":\"\",\"potentialAction\":[{\"@type\":\"SearchAction\",\"target\":{\"@type\":\"EntryPoint\",\"urlTemplate\":\"https:\/\/www.londonbackpackers.com\/?s={search_term_string}\"},\"query-input\":{\"@type\":\"PropertyValueSpecification\",\"valueRequired\":true,\"valueName\":\"search_term_string\"}}],\"inLanguage\":\"es\"}]}<\/script>\n<!-- \/ Yoast SEO plugin. -->","yoast_head_json":{"title":"Cookie Policy - Information on use of cookies on our website","description":"En London Backpackers, utilizamos cookies para mejorar la experiencia del usuario en nuestro sitio web. Obtenga m\u00e1s informaci\u00f3n sobre nuestra pol\u00edtica de cookies y c\u00f3mo administrar sus preferencias.","robots":{"index":"index","follow":"follow","max-snippet":"max-snippet:-1","max-image-preview":"max-image-preview:large","max-video-preview":"max-video-preview:-1"},"og_locale":"es_ES","og_type":"article","og_title":"Cookie Policy - Information on use of cookies on our website","og_description":"En London Backpackers, utilizamos cookies para mejorar la experiencia del usuario en nuestro sitio web. Obtenga m\u00e1s informaci\u00f3n sobre nuestra pol\u00edtica de cookies y c\u00f3mo administrar sus preferencias.","og_url":"https:\/\/www.londonbackpackers.com\/es\/cookie-policy\/","og_site_name":"London Backpackers","article_modified_time":"2023-02-28T03:55:39+00:00","twitter_card":"summary_large_image","twitter_misc":{"Tiempo de lectura":"3 minutos"},"schema":{"@context":"https:\/\/schema.org","@graph":[{"@type":"WebPage","@id":"https:\/\/www.londonbackpackers.com\/es\/cookie-policy\/","url":"https:\/\/www.londonbackpackers.com\/es\/cookie-policy\/","name":"Cookie Policy - Information on use of cookies on our website","isPartOf":{"@id":"https:\/\/www.londonbackpackers.com\/#website"},"datePublished":"2019-09-25T09:53:09+00:00","dateModified":"2023-02-28T03:55:39+00:00","description":"En London Backpackers, utilizamos cookies para mejorar la experiencia del usuario en nuestro sitio web. Obtenga m\u00e1s informaci\u00f3n sobre nuestra pol\u00edtica de cookies y c\u00f3mo administrar sus preferencias.","breadcrumb":{"@id":"https:\/\/www.londonbackpackers.com\/es\/cookie-policy\/#breadcrumb"},"inLanguage":"es","potentialAction":[{"@type":"ReadAction","target":["https:\/\/www.londonbackpackers.com\/es\/cookie-policy\/"]}]},{"@type":"BreadcrumbList","@id":"https:\/\/www.londonbackpackers.com\/es\/cookie-policy\/#breadcrumb","itemListElement":[{"@type":"ListItem","position":1,"name":"Home","item":"https:\/\/www.londonbackpackers.com\/es\/"},{"@type":"ListItem","position":2,"name":"Pol\u00edtica de cookies"}]},{"@type":"WebSite","@id":"https:\/\/www.londonbackpackers.com\/#website","url":"https:\/\/www.londonbackpackers.com\/","name":"London Backpackers","description":"","potentialAction":[{"@type":"SearchAction","target":{"@type":"EntryPoint","urlTemplate":"https:\/\/www.londonbackpackers.com\/?s={search_term_string}"},"query-input":{"@type":"PropertyValueSpecification","valueRequired":true,"valueName":"search_term_string"}}],"inLanguage":"es"}]}},"_links":{"self":[{"href":"https:\/\/www.londonbackpackers.com\/es\/wp-json\/wp\/v2\/pages\/2067","targetHints":{"allow":["GET"]}}],"collection":[{"href":"https:\/\/www.londonbackpackers.com\/es\/wp-json\/wp\/v2\/pages"}],"about":[{"href":"https:\/\/www.londonbackpackers.com\/es\/wp-json\/wp\/v2\/types\/page"}],"author":[{"embeddable":true,"href":"https:\/\/www.londonbackpackers.com\/es\/wp-json\/wp\/v2\/users\/1"}],"replies":[{"embeddable":true,"href":"https:\/\/www.londonbackpackers.com\/es\/wp-json\/wp\/v2\/comments?post=2067"}],"version-history":[{"count":0,"href":"https:\/\/www.londonbackpackers.com\/es\/wp-json\/wp\/v2\/pages\/2067\/revisions"}],"wp:attachment":[{"href":"https:\/\/www.londonbackpackers.com\/es\/wp-json\/wp\/v2\/media?parent=2067"}],"curies":[{"name":"wp","href":"https:\/\/api.w.org\/{rel}","templated":true}]}}