{"id":2064,"date":"2019-09-25T09:53:09","date_gmt":"2019-09-25T09:53:09","guid":{"rendered":"https:\/\/www.londonbackpackers.com\/cookie-policy\/"},"modified":"2023-02-28T03:53:25","modified_gmt":"2023-02-28T03:53:25","slug":"cookie-policy","status":"publish","type":"page","link":"https:\/\/www.londonbackpackers.com\/de\/cookie-policy\/","title":{"rendered":"Cookie-Richtlinie"},"content":{"rendered":"<div class=\"def-cmspage-content cookie-page-main\">\n<h2 class=\"hd-typ14\">Was sind Cookies?<\/h2>\n<p>Ein Cookie ist eine einfache Textdatei, die vom Server einer Website auf Ihrem Computer oder Mobilger\u00e4t gespeichert wird. Nur dieser Server kann den Inhalt dieses Cookies abrufen oder lesen. Jedes Cookie ist f\u00fcr Ihren Webbrowser einzigartig. Es enth\u00e4lt einige anonyme Informationen wie eine eindeutige Kennung und den Site-Namen sowie einige Ziffern und Zahlen. Es erm\u00f6glicht einer Website, sich Dinge wie Ihre Vorlieben oder den Inhalt Ihres Einkaufskorbs zu merken.<\/p>\n<h2 class=\"hd-typ14\" style=\"margin-top:20px;\"> Welche Cookies werden auf dieser Website verwendet?<\/h2>\n<div class=\"table-typ1-div\">\n<table class=\"table-typ1\">\n<tbody>\n<tr class=\"tr-head\">\n<th><strong style=\"font-size: 14px;\">Pl\u00e4tzchen<\/strong><\/th>\n<th><strong style=\"font-size: 14px;\">Zweck<\/strong><\/th>\n<\/tr>\n<tr>\n<th data-title=\"Cookie\"><strong style=\"font-size: 16px;\">PHPSESSID<\/strong><\/th>\n<td data-title=\"Purpose\">Dies ist ein Sitzungscookie, mit dem Daten f\u00fcr nachfolgende Zugriffe beibehalten werden. Es ist ein tempor\u00e4res Cookie, das in der Cookie-Datei Ihres Browsers verbleibt, bis Sie den Browser schlie\u00dfen. Es wird haupts\u00e4chlich zur Aufrechterhaltung Ihrer Identit\u00e4t verwendet.<\/td>\n<\/tr>\n<tr>\n<th data-title=\"Cookie\"><strong style=\"font-size: 14px;\">CookiesDirective<\/strong><\/th>\n<td data-title=\"Purpose\">Wird von der Website verwendet, um zu benachrichtigen, dass Cookies verwendet werden<\/td>\n<\/tr>\n<\/tbody>\n<\/table>\n<\/div>\n<h2 class=\"hd-typ14\" style=\"margin-top:40px;\">Wie kann ich Cookies in meinem Browser aktivieren und deaktivieren?<\/h2>\n<p><strong style=\"font-size: 14px;\">Google Chrome<\/strong><\/p>\n<ul>\n<li>Klicken Sie im Browser auf das Schraubenschl\u00fcsselsymbol (normalerweise in der oberen rechten Ecke), um das Werkzeugmen\u00fc zu \u00f6ffnen<\/li>\n<li>W\u00e4hlen Sie im Men\u00fc &#8220;Extras&#8221; die Option &#8220;Optionen&#8221;.<\/li>\n<li>Klicken Sie links im Men\u00fc auf die Registerkarte &#8220;Unter der Haube&#8221;.<\/li>\n<li>W\u00e4hlen Sie im Bereich &#8220;Datenschutz&#8221; die Schaltfl\u00e4che &#8220;Inhaltseinstellungen&#8221;<\/li>\n<li>So aktivieren Sie Cookies: W\u00e4hlen Sie die Option &#8220;Festlegen lokaler Daten zulassen&#8221;<\/li>\n<li>So deaktivieren Sie Cookies: Bewegen Sie den Schieberegler nach oben, um alle Cookies zu blockieren<\/li>\n<li>Beachten Sie, dass es in Chrome verschiedene Ebenen f\u00fcr die Aktivierung und Deaktivierung von Cookies gibt. Weitere Informationen zu anderen in Chrome angebotenen Cookie-Einstellungen finden Sie auf der folgenden Seite von Google <a href=\"http:\/\/support.google.com\/chrome\/bin\/answer.py?hl=en&amp;answer=95647\" rel=\"nofollow noopener noreferrer\" class=\"lnk-typ1\" target=\"_blank\">http:\/\/support.google.com\/chrome\/bin\/answer.py?hl=en&amp;answer=95647<\/a><\/li>\n<\/ul>\n<p><strong style=\"font-size: 14px;\">Mozilla Firefox<\/strong><\/p>\n<ul>\n<li>Klicken Sie im Browser-Men\u00fc auf &#8220;Extras&#8221; und w\u00e4hlen Sie &#8220;Optionen&#8221;.<\/li>\n<li>W\u00e4hlen Sie das Datenschutzbedienfeld<\/li>\n<li>So aktivieren Sie Cookies: Aktivieren Sie das Kontrollk\u00e4stchen &#8220;Cookies f\u00fcr Websites akzeptieren&#8221;.<\/li>\n<li>So deaktivieren Sie Cookies: Deaktivieren Sie das Kontrollk\u00e4stchen &#8220;Cookies f\u00fcr Websites akzeptieren&#8221;.<\/li>\n<li>Beachten Sie, dass es in Firefox verschiedene Ebenen f\u00fcr die Aktivierung und Deaktivierung von Cookies gibt. Weitere Informationen finden Sie auf der folgenden Seite von Mozilla: <a href=\"http:\/\/support.mozilla.org\/en-US\/kb\/Enabling%20and%20disabling%20cookies\" rel=\"nofollow noopener noreferrer\" class=\"lnk-typ1\" target=\"_blank\">http:\/\/support.mozilla.org\/en-US\/kb\/Enabling%20and%20disabling%20cookies<\/a><\/li>\n<\/ul>\n<p><strong style=\"font-size: 14px;\">Opera<\/strong><\/p>\n<ul>\n<li>Klicken Sie im Browser-Men\u00fc auf &#8220;Einstellungen&#8221; und w\u00e4hlen Sie &#8220;Einstellungen&#8221;.<\/li>\n<li>W\u00e4hlen Sie &#8220;Schnelleinstellungen&#8221;.<\/li>\n<li>So aktivieren Sie Cookies: Aktivieren Sie &#8220;Cookies aktivieren&#8221;.<\/li>\n<li>So deaktivieren Sie Cookies: Deaktivieren Sie &#8220;Cookies aktivieren&#8221;.<\/li>\n<li>Beachten Sie, dass es in Opera verschiedene Ebenen f\u00fcr die Aktivierung und Deaktivierung von Cookies gibt. Weitere Informationen zu anderen in Opera angebotenen Cookie-Einstellungen finden Sie auf der folgenden Seite der Opera-Software: <a href=\"http:\/\/www.opera.com\/browser\/tutorials\/security\/privacy\/\" rel=\"nofollow noopener noreferrer\" class=\"lnk-typ1\" target=\"_blank\">http:\/\/www.opera.com\/browser\/tutorials\/security\/privacy\/<\/a><\/li>\n<\/ul>\n<p><strong style=\"font-size: 14px;\">Safari on OSX<\/strong><\/p>\n<ul>\n<li>Klicken Sie in der Men\u00fcleiste auf &#8220;Safari&#8221; und w\u00e4hlen Sie die Option &#8220;Einstellungen&#8221;<\/li>\n<li>Klicken Sie auf &#8220;Sicherheit&#8221;<\/li>\n<li>So aktivieren Sie Cookies: W\u00e4hlen Sie im Abschnitt &#8220;Cookies akzeptieren&#8221; die Option &#8220;Nur von der Website, zu der Sie navigieren&#8221; aus.<\/li>\n<li>So deaktivieren Sie Cookies: W\u00e4hlen Sie im Abschnitt &#8220;Cookies akzeptieren&#8221; die Option &#8220;Nie&#8221; aus.<\/li>\n<li>Beachten Sie, dass es in Safari verschiedene Ebenen f\u00fcr die Aktivierung und Deaktivierung von Cookies gibt. Weitere Informationen zu anderen in Safari angebotenen Cookie-Einstellungen finden Sie auf der folgenden Seite von Apple: <a href=\"http:\/\/docs.info.apple.com\/article.html?path=Safari\/3.0\/en\/9277.html\" rel=\"nofollow noopener noreferrer\" class=\"lnk-typ1\" target=\"_blank\">http:\/\/docs.info.apple.com\/article.html?path=Safari\/3.0\/en\/9277.html<\/a><\/li>\n<\/ul>\n<p><strong style=\"font-size: 14px;\">Alle anderen Browser<\/strong><\/p>\n<ul>\n<li>Bitte suchen Sie im Browser nach einer &#8220;Hilfe&#8221; -Funktion oder wenden Sie sich an den Browser-Anbieter. Weitere Informationen finden Sie auch auf folgender Seite : <a href=\"http:\/\/www.allaboutcookies.org\/manage-cookies\/\" rel=\"nofollow noopener noreferrer\" class=\"lnk-typ1\" target=\"_blank\">http:\/\/www.allaboutcookies.org\/manage-cookies\/<\/a><\/li>\n<\/ul>\n<\/div>\n","protected":false},"excerpt":{"rendered":"<p>Was sind Cookies? Ein Cookie ist eine einfache Textdatei, die vom Server einer Website auf Ihrem Computer oder Mobilger\u00e4t gespeichert wird. Nur dieser Server kann den Inhalt dieses Cookies abrufen oder lesen. Jedes Cookie ist f\u00fcr Ihren Webbrowser einzigartig. Es<span class=\"ellipsis\">&hellip;<\/span><\/p>\n<div class=\"read-more\"><a href=\"https:\/\/www.londonbackpackers.com\/de\/cookie-policy\/\">Lesen Sie weitere <span class=\"screen-reader-text\">Cookie-Richtlinie<\/span><span class=\"meta-nav\"> &#8250;<\/span><\/a><\/div>\n<p><!-- end of .read-more --><\/p>\n","protected":false},"author":1,"featured_media":0,"parent":0,"menu_order":0,"comment_status":"closed","ping_status":"closed","template":"","meta":{"_acf_changed":false,"footnotes":""},"class_list":["post-2064","page","type-page","status-publish","hentry"],"acf":[],"yoast_head":"<!-- This site is optimized with the Yoast SEO plugin v26.4 - https:\/\/yoast.com\/wordpress\/plugins\/seo\/ -->\n<title>Cookie-Richtlinie - Informationen zur Verwendung von Cookies auf unserer Website<\/title>\n<meta name=\"description\" content=\"Bei London Backpackers verwenden wir Cookies, um die Benutzererfahrung auf unserer Website zu verbessern. Erfahren Sie mehr \u00fcber unsere Cookie-Richtlinie und wie Sie Ihre Einstellungen verwalten.\" \/>\n<meta name=\"robots\" content=\"index, follow, max-snippet:-1, max-image-preview:large, max-video-preview:-1\" \/>\n<meta property=\"og:locale\" content=\"de_DE\" \/>\n<meta property=\"og:type\" content=\"article\" \/>\n<meta property=\"og:title\" content=\"Cookie-Richtlinie - Informationen zur Verwendung von Cookies auf unserer Website\" \/>\n<meta property=\"og:description\" content=\"Bei London Backpackers verwenden wir Cookies, um die Benutzererfahrung auf unserer Website zu verbessern. Erfahren Sie mehr \u00fcber unsere Cookie-Richtlinie und wie Sie Ihre Einstellungen verwalten.\" \/>\n<meta property=\"og:url\" content=\"https:\/\/www.londonbackpackers.com\/de\/cookie-policy\/\" \/>\n<meta property=\"og:site_name\" content=\"London Backpackers\" \/>\n<meta property=\"article:modified_time\" content=\"2023-02-28T03:53:25+00:00\" \/>\n<meta name=\"twitter:card\" content=\"summary_large_image\" \/>\n<meta name=\"twitter:label1\" content=\"Gesch\u00e4tzte Lesezeit\" \/>\n\t<meta name=\"twitter:data1\" content=\"3\u00a0Minuten\" \/>\n<script type=\"application\/ld+json\" class=\"yoast-schema-graph\">{\"@context\":\"https:\/\/schema.org\",\"@graph\":[{\"@type\":\"WebPage\",\"@id\":\"https:\/\/www.londonbackpackers.com\/de\/cookie-policy\/\",\"url\":\"https:\/\/www.londonbackpackers.com\/de\/cookie-policy\/\",\"name\":\"Cookie-Richtlinie - Informationen zur Verwendung von Cookies auf unserer Website\",\"isPartOf\":{\"@id\":\"https:\/\/www.londonbackpackers.com\/#website\"},\"datePublished\":\"2019-09-25T09:53:09+00:00\",\"dateModified\":\"2023-02-28T03:53:25+00:00\",\"description\":\"Bei London Backpackers verwenden wir Cookies, um die Benutzererfahrung auf unserer Website zu verbessern. Erfahren Sie mehr \u00fcber unsere Cookie-Richtlinie und wie Sie Ihre Einstellungen verwalten.\",\"breadcrumb\":{\"@id\":\"https:\/\/www.londonbackpackers.com\/de\/cookie-policy\/#breadcrumb\"},\"inLanguage\":\"de\",\"potentialAction\":[{\"@type\":\"ReadAction\",\"target\":[\"https:\/\/www.londonbackpackers.com\/de\/cookie-policy\/\"]}]},{\"@type\":\"BreadcrumbList\",\"@id\":\"https:\/\/www.londonbackpackers.com\/de\/cookie-policy\/#breadcrumb\",\"itemListElement\":[{\"@type\":\"ListItem\",\"position\":1,\"name\":\"Home\",\"item\":\"https:\/\/www.londonbackpackers.com\/de\/\"},{\"@type\":\"ListItem\",\"position\":2,\"name\":\"Cookie-Richtlinie\"}]},{\"@type\":\"WebSite\",\"@id\":\"https:\/\/www.londonbackpackers.com\/#website\",\"url\":\"https:\/\/www.londonbackpackers.com\/\",\"name\":\"London Backpackers\",\"description\":\"\",\"potentialAction\":[{\"@type\":\"SearchAction\",\"target\":{\"@type\":\"EntryPoint\",\"urlTemplate\":\"https:\/\/www.londonbackpackers.com\/?s={search_term_string}\"},\"query-input\":{\"@type\":\"PropertyValueSpecification\",\"valueRequired\":true,\"valueName\":\"search_term_string\"}}],\"inLanguage\":\"de\"}]}<\/script>\n<!-- \/ Yoast SEO plugin. -->","yoast_head_json":{"title":"Cookie-Richtlinie - Informationen zur Verwendung von Cookies auf unserer Website","description":"Bei London Backpackers verwenden wir Cookies, um die Benutzererfahrung auf unserer Website zu verbessern. Erfahren Sie mehr \u00fcber unsere Cookie-Richtlinie und wie Sie Ihre Einstellungen verwalten.","robots":{"index":"index","follow":"follow","max-snippet":"max-snippet:-1","max-image-preview":"max-image-preview:large","max-video-preview":"max-video-preview:-1"},"og_locale":"de_DE","og_type":"article","og_title":"Cookie-Richtlinie - Informationen zur Verwendung von Cookies auf unserer Website","og_description":"Bei London Backpackers verwenden wir Cookies, um die Benutzererfahrung auf unserer Website zu verbessern. Erfahren Sie mehr \u00fcber unsere Cookie-Richtlinie und wie Sie Ihre Einstellungen verwalten.","og_url":"https:\/\/www.londonbackpackers.com\/de\/cookie-policy\/","og_site_name":"London Backpackers","article_modified_time":"2023-02-28T03:53:25+00:00","twitter_card":"summary_large_image","twitter_misc":{"Gesch\u00e4tzte Lesezeit":"3\u00a0Minuten"},"schema":{"@context":"https:\/\/schema.org","@graph":[{"@type":"WebPage","@id":"https:\/\/www.londonbackpackers.com\/de\/cookie-policy\/","url":"https:\/\/www.londonbackpackers.com\/de\/cookie-policy\/","name":"Cookie-Richtlinie - Informationen zur Verwendung von Cookies auf unserer Website","isPartOf":{"@id":"https:\/\/www.londonbackpackers.com\/#website"},"datePublished":"2019-09-25T09:53:09+00:00","dateModified":"2023-02-28T03:53:25+00:00","description":"Bei London Backpackers verwenden wir Cookies, um die Benutzererfahrung auf unserer Website zu verbessern. Erfahren Sie mehr \u00fcber unsere Cookie-Richtlinie und wie Sie Ihre Einstellungen verwalten.","breadcrumb":{"@id":"https:\/\/www.londonbackpackers.com\/de\/cookie-policy\/#breadcrumb"},"inLanguage":"de","potentialAction":[{"@type":"ReadAction","target":["https:\/\/www.londonbackpackers.com\/de\/cookie-policy\/"]}]},{"@type":"BreadcrumbList","@id":"https:\/\/www.londonbackpackers.com\/de\/cookie-policy\/#breadcrumb","itemListElement":[{"@type":"ListItem","position":1,"name":"Home","item":"https:\/\/www.londonbackpackers.com\/de\/"},{"@type":"ListItem","position":2,"name":"Cookie-Richtlinie"}]},{"@type":"WebSite","@id":"https:\/\/www.londonbackpackers.com\/#website","url":"https:\/\/www.londonbackpackers.com\/","name":"London Backpackers","description":"","potentialAction":[{"@type":"SearchAction","target":{"@type":"EntryPoint","urlTemplate":"https:\/\/www.londonbackpackers.com\/?s={search_term_string}"},"query-input":{"@type":"PropertyValueSpecification","valueRequired":true,"valueName":"search_term_string"}}],"inLanguage":"de"}]}},"_links":{"self":[{"href":"https:\/\/www.londonbackpackers.com\/de\/wp-json\/wp\/v2\/pages\/2064","targetHints":{"allow":["GET"]}}],"collection":[{"href":"https:\/\/www.londonbackpackers.com\/de\/wp-json\/wp\/v2\/pages"}],"about":[{"href":"https:\/\/www.londonbackpackers.com\/de\/wp-json\/wp\/v2\/types\/page"}],"author":[{"embeddable":true,"href":"https:\/\/www.londonbackpackers.com\/de\/wp-json\/wp\/v2\/users\/1"}],"replies":[{"embeddable":true,"href":"https:\/\/www.londonbackpackers.com\/de\/wp-json\/wp\/v2\/comments?post=2064"}],"version-history":[{"count":0,"href":"https:\/\/www.londonbackpackers.com\/de\/wp-json\/wp\/v2\/pages\/2064\/revisions"}],"wp:attachment":[{"href":"https:\/\/www.londonbackpackers.com\/de\/wp-json\/wp\/v2\/media?parent=2064"}],"curies":[{"name":"wp","href":"https:\/\/api.w.org\/{rel}","templated":true}]}}